{"id":690,"date":"2017-05-12T16:02:28","date_gmt":"2017-05-12T14:02:28","guid":{"rendered":"http:\/\/audyt-certyfikat-energetyczny.pl\/?page_id=690"},"modified":"2024-01-13T07:12:44","modified_gmt":"2024-01-13T06:12:44","slug":"start","status":"publish","type":"page","link":"http:\/\/audyt-certyfikat-energetyczny.pl\/","title":{"rendered":"Oferta &#8211; Marek Mickaniewski &#8211; audytor i doradca energetyczny"},"content":{"rendered":"<h2><\/h2>\n<h2><span style=\"color: #ff6600;\"><a style=\"color: #ff6600;\" href=\"\/program-czyste-powietrze\/\">Program Czyste Powietrze<\/a><\/span><\/h2>\n<ul>\n<li>dofinansowanie do wymiany kot\u0142\u00f3w i termomodernizacji budynk\u00f3w jednorodzinnych<\/li>\n<li>audyt energetyczny do wniosku o dofinansowanie<\/li>\n<li>zasady przyznawania dotacji<\/li>\n<\/ul>\n<p style=\"text-align: right;\"><span class=\"read-more fr\"><a class=\"\" title=\"Audyt energetyczny lub remontowy\" href=\"\/program-czyste-powietrze\/\" rel=\"bookmark\">Czytaj wi\u0119cej \u2192<\/a><\/span><\/p>\n<h2><span style=\"color: #ff6600;\"><a style=\"color: #ff6600;\" href=\"\/audyty-energetyczne-i-remontowe\/\">Audyt energetyczny lub remontowy<\/a><\/span><\/h2>\n<ul>\n<li><span style=\"color: #000000;\">niezb\u0119dne opracowanie aby uzyska\u0107 dotacj\u0119 na term<\/span>omodernizacj\u0119 budynku<\/li>\n<li>analiza stanu istniej\u0105cego budynku i propozycja zmian<\/li>\n<li>podstawa do wykonania projektu budowlanego<\/li>\n<\/ul>\n<p style=\"text-align: right;\"><span class=\"read-more fr\"><a class=\"\" title=\"Audyt energetyczny lub remontowy\" href=\"\/audyty-energetyczne-i-remontowe\/\" rel=\"bookmark\">Czytaj wi\u0119cej \u2192<\/a><\/span><\/p>\n<h2><a title=\"\u015awiadectwo charakterystyki energetycznej\" href=\"\/\u015bwiadectwa\/\" rel=\"bookmark\"><span style=\"color: #ff6600;\">\u015awiadectwo charakterystyki energetycznej<\/span><\/a><\/h2>\n<ul>\n<li>zgodnie z Ustaw\u0105 o Efektywno\u015bci Energetycznej konieczne dla ka\u017cdej transakcji sprzeda\u017cy budynku lub cz\u0119\u015bci budynku, mieszkania lub sp\u00f3\u0142dzielczego w\u0142asno\u015bciowego prawa do lokalu mieszkalnego<\/li>\n<li>wdro\u017cenie dyrektywy\u00a0Unii\u00a0Europejskiej w sprawie efektywno\u015bci energetycznej<\/li>\n<li>konieczne r\u00f3wnie\u017c dla budynk\u00f3w u\u017cyteczno\u015bci publicznej<\/li>\n<\/ul>\n<p style=\"text-align: right;\"><span class=\"read-more fr\"><a class=\"\" title=\"\u015awiadectwo charakterystyki energetycznej\" href=\"\/\u015bwiadectwa\/\" rel=\"bookmark\">Czytaj wi\u0119cej \u2192<\/a><\/span><\/p>\n<h2 class=\"title\"><span style=\"color: #ff6600;\"><a style=\"color: #ff6600;\" title=\"Projektowana charakterystyka energetyczna\" href=\"\/projektowana-charakterystyka-energetyczna\/\" rel=\"bookmark\">Projektowana charakterystyka energetyczna<\/a><\/span><\/h2>\n<ul>\n<li>niezb\u0119dny sk\u0142adnik\u00a0 ka\u017cdego projektu budowlanego<\/li>\n<li>prawid\u0142owo wykonana zapewnia \u017ce budynek\u00a0b\u0119dzie\u00a0spe\u0142nia\u0142 wymagania w zakresie energooszcz\u0119dno\u015bci<\/li>\n<li>potrzebna do uzyskania pozwolenia na budow\u0119<\/li>\n<\/ul>\n<p style=\"text-align: right;\"><span class=\"read-more fr\"><a class=\"\" title=\"Projektowana charakterystyka energetyczna\" href=\"\/projektowana-charakterystyka-energetyczna\/\" rel=\"bookmark\">Czytaj wi\u0119cej \u2192<\/a><\/span><\/p>\n<h2 class=\"title\"><span style=\"color: #ff6600;\"><a style=\"color: #ff6600;\" title=\"Termowizja\" href=\"\/termowizja\/\" rel=\"bookmark\">Termowizja<\/a><\/span><\/h2>\n<ul>\n<li>pokazuje to co normalnie niewidzialne dla oka<\/li>\n<li>umo\u017cliwia wykrywanie miejsc ucieczki ciep\u0142a z budynku tzw mostki cieplne<\/li>\n<li>wykrywa wady w wykonaniu obiektu, pozwala na skontrolowanie np prac ociepleniowych<\/li>\n<li>wykrywa r\u00f3wnie\u017c miejsca zawilgocone,\u00a0nieszczelno\u015bci\u00a0instalacji i urz\u0105dze\u0144 a tak\u017ce wady instalacji elektrycznej<\/li>\n<\/ul>\n<p style=\"text-align: right;\"><span class=\"read-more fr\"><a class=\"\" title=\"Termowizja\" href=\"\/termowizja\/\" rel=\"bookmark\">Czytaj wi\u0119cej \u2192<\/a><\/span><\/p>\n<h2 class=\"title\"><span style=\"color: #ff6600;\"><a style=\"color: #ff6600;\" title=\"Szkolenia\" href=\"\/szkolenia\/\" rel=\"bookmark\">Szkolenia<\/a><\/span><\/h2>\n<ul>\n<li>szkolenia z zakresu audytu oraz certyfikacji energetycznej<\/li>\n<li>zaj\u0119cia na studiach podyplomowych<\/li>\n<li>nie tylko teoria &#8211; du\u017co praktyki<\/li>\n<li>r\u00f3wnie\u017c konsultacje indywidualne np przygotowuj\u0105ce do egzaminu<\/li>\n<\/ul>\n<p style=\"text-align: right;\"><span class=\"read-more fr\"><a class=\"\" title=\"Szkolenia\" href=\"\/szkolenia\/\" rel=\"bookmark\">Czytaj wi\u0119cej \u2192<\/a><\/span><\/p>\n","protected":false},"excerpt":{"rendered":"<p>Program Czyste Powietrze dofinansowanie do wymiany kot\u0142\u00f3w i termomodernizacji budynk\u00f3w jednorodzinnych audyt energetyczny do wniosku o dofinansowanie zasady przyznawania dotacji Czytaj wi\u0119cej \u2192 Audyt energetyczny lub remontowy niezb\u0119dne opracowanie aby uzyska\u0107 dotacj\u0119 na termomodernizacj\u0119 budynku analiza stanu istniej\u0105cego budynku i propozycja zmian podstawa do wykonania projektu budowlanego Czytaj wi\u0119cej \u2192 \u015awiadectwo charakterystyki energetycznej zgodnie z [&hellip;]<\/p>\n","protected":false},"author":1,"featured_media":0,"parent":0,"menu_order":0,"comment_status":"closed","ping_status":"closed","template":"","meta":{"footnotes":""},"class_list":["post-690","page","type-page","status-publish","hentry"],"jetpack_sharing_enabled":true,"_links":{"self":[{"href":"http:\/\/audyt-certyfikat-energetyczny.pl\/index.php?rest_route=\/wp\/v2\/pages\/690","targetHints":{"allow":["GET"]}}],"collection":[{"href":"http:\/\/audyt-certyfikat-energetyczny.pl\/index.php?rest_route=\/wp\/v2\/pages"}],"about":[{"href":"http:\/\/audyt-certyfikat-energetyczny.pl\/index.php?rest_route=\/wp\/v2\/types\/page"}],"author":[{"embeddable":true,"href":"http:\/\/audyt-certyfikat-energetyczny.pl\/index.php?rest_route=\/wp\/v2\/users\/1"}],"replies":[{"embeddable":true,"href":"http:\/\/audyt-certyfikat-energetyczny.pl\/index.php?rest_route=%2Fwp%2Fv2%2Fcomments&post=690"}],"version-history":[{"count":2,"href":"http:\/\/audyt-certyfikat-energetyczny.pl\/index.php?rest_route=\/wp\/v2\/pages\/690\/revisions"}],"predecessor-version":[{"id":901,"href":"http:\/\/audyt-certyfikat-energetyczny.pl\/index.php?rest_route=\/wp\/v2\/pages\/690\/revisions\/901"}],"wp:attachment":[{"href":"http:\/\/audyt-certyfikat-energetyczny.pl\/index.php?rest_route=%2Fwp%2Fv2%2Fmedia&parent=690"}],"curies":[{"name":"wp","href":"https:\/\/api.w.org\/{rel}","templated":true}]}}